{"id":1364,"date":"2020-05-28T10:44:05","date_gmt":"2020-05-28T08:44:05","guid":{"rendered":"https:\/\/www.efs-holland.com\/produkte\/stabilacid\/"},"modified":"2025-09-24T21:19:23","modified_gmt":"2025-09-24T19:19:23","slug":"stabilacid","status":"publish","type":"page","link":"https:\/\/www.efs-holland.com\/de\/produkte\/stabilacid\/","title":{"rendered":"Stabilacid\u2122"},"content":{"rendered":"<div class=\"wpb-content-wrapper\"><p>[vc_row row_height_percent=&#8220;0&#8243; override_padding=&#8220;yes&#8220; h_padding=&#8220;2&#8243; top_padding=&#8220;3&#8243; bottom_padding=&#8220;3&#8243; overlay_alpha=&#8220;50&#8243; gutter_size=&#8220;3&#8243; column_width_percent=&#8220;100&#8243; shift_y=&#8220;0&#8243; z_index=&#8220;0&#8243;][vc_column column_width_percent=&#8220;100&#8243; gutter_size=&#8220;3&#8243; font_family=&#8220;font-762333&#8243; overlay_alpha=&#8220;50&#8243; shift_x=&#8220;0&#8243; shift_y=&#8220;0&#8243; shift_y_down=&#8220;0&#8243; z_index=&#8220;0&#8243; medium_width=&#8220;0&#8243; mobile_width=&#8220;0&#8243; width=&#8220;1\/1&#8243;][vc_column_text]Diese S\u00e4urekombination ist f\u00fcr die Anwendung in <strong>Bio-Futtermitteln<\/strong> und Rohstoffen pflanzlichen und tierischen Ursprungs zugelassen.<\/p>\n<blockquote><p><em>Die ausgekl\u00fcgelte Formulierung bietet effektiven Schutz vor unerw\u00fcnschten Mikroorganismen.<\/em><\/p><\/blockquote>\n<p><\/p>\n<h4>Stabilacid\u2122 OR Liquid<\/h4>\n<p>Stabilacid\u2122 OR Liquid ist f\u00fcr die Anwendung in <a href=\"\/de\/dienstleistungen\">Fl\u00fcssigkeitsdosiersystemen<\/a> und unsere mobilen Anlagen <a href=\"\/de\/dienstleistungen\">EFS-1 und EFS-2<\/a> optimiert.<\/p>\n<p>Die Empfehlungsdosierung von Stabilacid\u2122 OR Liquid ist 4-15 kg pro Tonne Futter oder Rohstoff.<\/p>\n<h4>Stabilacid\u2122 Dry<\/h4>\n<p>Stabilacid\u2122 Dry wurde speziell f\u00fcr die Sp\u00fclung von Produktionslinien und F\u00f6rderanlagen entwickelt. Zudem ist es eine gute Alternative zu Stabilacid\u2122 Liquid, wenn es keine M\u00f6glichkeit gibt, fl\u00fcssige Produkte von E.F.S. anzuwenden.<\/p>\n<p>Die Empfehlungsdosierung von Stabilacid\u2122 Dry ist 2-10 kg pro Tonne Futter. Die Dosierung f\u00fcr die Sp\u00fclung ist abh\u00e4ngig von der Produktionsanlage.<\/p>\n<p>M\u00f6chten Sie mehr erfahren? <a href=\"\/de\/kontakt\">Wenden Sie sich an<\/a> das E.F.S.-Vertriebsteam.[\/vc_column_text][\/vc_column][\/vc_row][vc_row row_height_percent=&#8220;0&#8243; back_color=&#8220;color-lxmt&#8220; overlay_alpha=&#8220;50&#8243; gutter_size=&#8220;3&#8243; column_width_percent=&#8220;100&#8243; shift_y=&#8220;0&#8243; z_index=&#8220;0&#8243;][vc_column column_width_percent=&#8220;100&#8243; align_horizontal=&#8220;align_center&#8220; gutter_size=&#8220;3&#8243; font_family=&#8220;font-762333&#8243; overlay_alpha=&#8220;50&#8243; shift_x=&#8220;0&#8243; shift_y=&#8220;0&#8243; shift_y_down=&#8220;0&#8243; z_index=&#8220;0&#8243; medium_width=&#8220;0&#8243; mobile_width=&#8220;0&#8243; width=&#8220;1\/1&#8243;][vc_custom_heading text_font=&#8220;font-762333&#8243; text_size=&#8220;fontsize-155944&#8243; text_weight=&#8220;700&#8243; text_space=&#8220;fontspace-111509&#8243;]Folgendes k\u00f6nnte f\u00fcr Sie interessant sein[\/vc_custom_heading][uncode_index el_id=&#8220;index-101179&#8243; index_type=&#8220;carousel&#8220; loop=&#8220;size:9|order_by:date|post_type:post|tags:937|taxonomy_count:10&#8243; carousel_lg=&#8220;3&#8243; carousel_md=&#8220;2&#8243; carousel_sm=&#8220;1&#8243; thumb_size=&#8220;four-three&#8220; gutter_size=&#8220;2&#8243; post_items=&#8220;media|featured|onpost|original,title,date,text|excerpt|220&#8243; carousel_height=&#8220;equal&#8220; carousel_interval=&#8220;0&#8243; carousel_navspeed=&#8220;400&#8243; carousel_dots=&#8220;yes&#8220; carousel_dots_mobile=&#8220;yes&#8220; stage_padding=&#8220;0&#8243; single_back_color=&#8220;color-xsdn&#8220; single_overlay_color=&#8220;color-wayh&#8220; single_overlay_opacity=&#8220;50&#8243; single_padding=&#8220;1&#8243; single_title_family=&#8220;font-377884&#8243; single_title_dimension=&#8220;h3&#8243; single_title_weight=&#8220;400&#8243; single_title_transform=&#8220;capitalize&#8220; single_title_height=&#8220;fontheight-357766&#8243; single_title_space=&#8220;fontspace-781688&#8243; single_shadow=&#8220;yes&#8220; shadow_weight=&#8220;sm&#8220; single_border=&#8220;yes&#8220; single_css_animation=&#8220;bottom-t-top&#8220; single_animation_speed=&#8220;600&#8243; single_animation_delay=&#8220;200&#8243; title=&#8220;Related posts&#8220;][\/vc_column][\/vc_row]<\/p>\n<\/div>","protected":false},"excerpt":{"rendered":"<p>[vc_row row_height_percent=&#8220;0&#8243; override_padding=&#8220;yes&#8220; h_padding=&#8220;2&#8243; top_padding=&#8220;3&#8243; bottom_padding=&#8220;3&#8243; overlay_alpha=&#8220;50&#8243; gutter_size=&#8220;3&#8243; column_width_percent=&#8220;100&#8243; shift_y=&#8220;0&#8243; z_index=&#8220;0&#8243;][vc_column column_width_percent=&#8220;100&#8243; gutter_size=&#8220;3&#8243; font_family=&#8220;font-762333&#8243; overlay_alpha=&#8220;50&#8243; shift_x=&#8220;0&#8243; shift_y=&#8220;0&#8243; shift_y_down=&#8220;0&#8243; z_index=&#8220;0&#8243; medium_width=&#8220;0&#8243; [&hellip;]<\/p>\n","protected":false},"author":1,"featured_media":0,"parent":699,"menu_order":0,"comment_status":"closed","ping_status":"closed","template":"","meta":{"footnotes":""},"class_list":["post-1364","page","type-page","status-publish","hentry"],"yoast_head":"<!-- This site is optimized with the Yoast SEO plugin v25.7 - https:\/\/yoast.com\/wordpress\/plugins\/seo\/ -->\n<title>Stabilacid\u2122 - E.F.S.-Holland<\/title>\n<meta name=\"description\" content=\"Diese S\u00e4urekombination ist f\u00fcr die Anwendung in Bio-Futtermitteln und Rohstoffen pflanzlichen und tierischen Ursprungs zugelassen.\" \/>\n<meta name=\"robots\" content=\"index, follow, max-snippet:-1, max-image-preview:large, max-video-preview:-1\" \/>\n<link rel=\"canonical\" href=\"https:\/\/www.efs-holland.com\/products\/stabilacid\/\" \/>\n<meta property=\"og:locale\" content=\"de_DE\" \/>\n<meta property=\"og:type\" content=\"article\" \/>\n<meta property=\"og:title\" content=\"Stabilacid\u2122 - E.F.S.-Holland\" \/>\n<meta property=\"og:description\" content=\"Diese S\u00e4urekombination ist f\u00fcr die Anwendung in Bio-Futtermitteln und Rohstoffen pflanzlichen und tierischen Ursprungs zugelassen.\" \/>\n<meta property=\"og:url\" content=\"https:\/\/www.efs-holland.com\/products\/stabilacid\/\" \/>\n<meta property=\"og:site_name\" content=\"E.F.S.-Holland\" \/>\n<meta property=\"article:modified_time\" content=\"2025-09-24T19:19:23+00:00\" \/>\n<meta property=\"og:image\" content=\"https:\/\/www.efs-holland.com\/wp-content\/uploads\/2020\/03\/harry-efs-01.jpg\" \/>\n\t<meta property=\"og:image:width\" content=\"1920\" \/>\n\t<meta property=\"og:image:height\" content=\"1080\" \/>\n\t<meta property=\"og:image:type\" content=\"image\/jpeg\" \/>\n<meta name=\"twitter:card\" content=\"summary_large_image\" \/>\n<meta name=\"twitter:label1\" content=\"Gesch\u00e4tzte Lesezeit\" \/>\n\t<meta name=\"twitter:data1\" content=\"2\u00a0Minuten\" \/>\n<script type=\"application\/ld+json\" class=\"yoast-schema-graph\">{\"@context\":\"https:\/\/schema.org\",\"@graph\":[{\"@type\":\"WebPage\",\"@id\":\"https:\/\/www.efs-holland.com\/products\/stabilacid\/\",\"url\":\"https:\/\/www.efs-holland.com\/products\/stabilacid\/\",\"name\":\"Stabilacid\u2122 - E.F.S.-Holland\",\"isPartOf\":{\"@id\":\"https:\/\/www.efs-holland.com\/nl\/#website\"},\"datePublished\":\"2020-05-28T08:44:05+00:00\",\"dateModified\":\"2025-09-24T19:19:23+00:00\",\"description\":\"Diese S\u00e4urekombination ist f\u00fcr die Anwendung in Bio-Futtermitteln und Rohstoffen pflanzlichen und tierischen Ursprungs zugelassen.\",\"breadcrumb\":{\"@id\":\"https:\/\/www.efs-holland.com\/products\/stabilacid\/#breadcrumb\"},\"inLanguage\":\"de\",\"potentialAction\":[{\"@type\":\"ReadAction\",\"target\":[\"https:\/\/www.efs-holland.com\/products\/stabilacid\/\"]}]},{\"@type\":\"BreadcrumbList\",\"@id\":\"https:\/\/www.efs-holland.com\/products\/stabilacid\/#breadcrumb\",\"itemListElement\":[{\"@type\":\"ListItem\",\"position\":1,\"name\":\"Home\",\"item\":\"https:\/\/www.efs-holland.com\/\"},{\"@type\":\"ListItem\",\"position\":2,\"name\":\"Produkte\",\"item\":\"https:\/\/www.efs-holland.com\/products\/\"},{\"@type\":\"ListItem\",\"position\":3,\"name\":\"Stabilacid\u2122\"}]},{\"@type\":\"WebSite\",\"@id\":\"https:\/\/www.efs-holland.com\/nl\/#website\",\"url\":\"https:\/\/www.efs-holland.com\/nl\/\",\"name\":\"E.F.S.-Holland\",\"description\":\"Always innovating\",\"publisher\":{\"@id\":\"https:\/\/www.efs-holland.com\/nl\/#organization\"},\"potentialAction\":[{\"@type\":\"SearchAction\",\"target\":{\"@type\":\"EntryPoint\",\"urlTemplate\":\"https:\/\/www.efs-holland.com\/nl\/?s={search_term_string}\"},\"query-input\":{\"@type\":\"PropertyValueSpecification\",\"valueRequired\":true,\"valueName\":\"search_term_string\"}}],\"inLanguage\":\"de\"},{\"@type\":\"Organization\",\"@id\":\"https:\/\/www.efs-holland.com\/nl\/#organization\",\"name\":\"E.F.S.-Holland\",\"url\":\"https:\/\/www.efs-holland.com\/nl\/\",\"logo\":{\"@type\":\"ImageObject\",\"inLanguage\":\"de\",\"@id\":\"https:\/\/www.efs-holland.com\/nl\/#\/schema\/logo\/image\/\",\"url\":\"https:\/\/www.efs-holland.com\/wp-content\/uploads\/2020\/04\/efs-holland-logo-square.jpg\",\"contentUrl\":\"https:\/\/www.efs-holland.com\/wp-content\/uploads\/2020\/04\/efs-holland-logo-square.jpg\",\"width\":750,\"height\":750,\"caption\":\"E.F.S.-Holland\"},\"image\":{\"@id\":\"https:\/\/www.efs-holland.com\/nl\/#\/schema\/logo\/image\/\"},\"sameAs\":[\"https:\/\/www.linkedin.com\/company\/efs-holland\/\",\"https:\/\/www.youtube.com\/channel\/UCvh1hej0rOfQdNuVqc1hFUg\"]}]}<\/script>\n<!-- \/ Yoast SEO plugin. -->","yoast_head_json":{"title":"Stabilacid\u2122 - E.F.S.-Holland","description":"Diese S\u00e4urekombination ist f\u00fcr die Anwendung in Bio-Futtermitteln und Rohstoffen pflanzlichen und tierischen Ursprungs zugelassen.","robots":{"index":"index","follow":"follow","max-snippet":"max-snippet:-1","max-image-preview":"max-image-preview:large","max-video-preview":"max-video-preview:-1"},"canonical":"https:\/\/www.efs-holland.com\/products\/stabilacid\/","og_locale":"de_DE","og_type":"article","og_title":"Stabilacid\u2122 - E.F.S.-Holland","og_description":"Diese S\u00e4urekombination ist f\u00fcr die Anwendung in Bio-Futtermitteln und Rohstoffen pflanzlichen und tierischen Ursprungs zugelassen.","og_url":"https:\/\/www.efs-holland.com\/products\/stabilacid\/","og_site_name":"E.F.S.-Holland","article_modified_time":"2025-09-24T19:19:23+00:00","og_image":[{"width":1920,"height":1080,"url":"https:\/\/www.efs-holland.com\/wp-content\/uploads\/2020\/03\/harry-efs-01.jpg","type":"image\/jpeg"}],"twitter_card":"summary_large_image","twitter_misc":{"Gesch\u00e4tzte Lesezeit":"2\u00a0Minuten"},"schema":{"@context":"https:\/\/schema.org","@graph":[{"@type":"WebPage","@id":"https:\/\/www.efs-holland.com\/products\/stabilacid\/","url":"https:\/\/www.efs-holland.com\/products\/stabilacid\/","name":"Stabilacid\u2122 - E.F.S.-Holland","isPartOf":{"@id":"https:\/\/www.efs-holland.com\/nl\/#website"},"datePublished":"2020-05-28T08:44:05+00:00","dateModified":"2025-09-24T19:19:23+00:00","description":"Diese S\u00e4urekombination ist f\u00fcr die Anwendung in Bio-Futtermitteln und Rohstoffen pflanzlichen und tierischen Ursprungs zugelassen.","breadcrumb":{"@id":"https:\/\/www.efs-holland.com\/products\/stabilacid\/#breadcrumb"},"inLanguage":"de","potentialAction":[{"@type":"ReadAction","target":["https:\/\/www.efs-holland.com\/products\/stabilacid\/"]}]},{"@type":"BreadcrumbList","@id":"https:\/\/www.efs-holland.com\/products\/stabilacid\/#breadcrumb","itemListElement":[{"@type":"ListItem","position":1,"name":"Home","item":"https:\/\/www.efs-holland.com\/"},{"@type":"ListItem","position":2,"name":"Produkte","item":"https:\/\/www.efs-holland.com\/products\/"},{"@type":"ListItem","position":3,"name":"Stabilacid\u2122"}]},{"@type":"WebSite","@id":"https:\/\/www.efs-holland.com\/nl\/#website","url":"https:\/\/www.efs-holland.com\/nl\/","name":"E.F.S.-Holland","description":"Always innovating","publisher":{"@id":"https:\/\/www.efs-holland.com\/nl\/#organization"},"potentialAction":[{"@type":"SearchAction","target":{"@type":"EntryPoint","urlTemplate":"https:\/\/www.efs-holland.com\/nl\/?s={search_term_string}"},"query-input":{"@type":"PropertyValueSpecification","valueRequired":true,"valueName":"search_term_string"}}],"inLanguage":"de"},{"@type":"Organization","@id":"https:\/\/www.efs-holland.com\/nl\/#organization","name":"E.F.S.-Holland","url":"https:\/\/www.efs-holland.com\/nl\/","logo":{"@type":"ImageObject","inLanguage":"de","@id":"https:\/\/www.efs-holland.com\/nl\/#\/schema\/logo\/image\/","url":"https:\/\/www.efs-holland.com\/wp-content\/uploads\/2020\/04\/efs-holland-logo-square.jpg","contentUrl":"https:\/\/www.efs-holland.com\/wp-content\/uploads\/2020\/04\/efs-holland-logo-square.jpg","width":750,"height":750,"caption":"E.F.S.-Holland"},"image":{"@id":"https:\/\/www.efs-holland.com\/nl\/#\/schema\/logo\/image\/"},"sameAs":["https:\/\/www.linkedin.com\/company\/efs-holland\/","https:\/\/www.youtube.com\/channel\/UCvh1hej0rOfQdNuVqc1hFUg"]}]}},"_links":{"self":[{"href":"https:\/\/www.efs-holland.com\/de\/wp-json\/wp\/v2\/pages\/1364","targetHints":{"allow":["GET"]}}],"collection":[{"href":"https:\/\/www.efs-holland.com\/de\/wp-json\/wp\/v2\/pages"}],"about":[{"href":"https:\/\/www.efs-holland.com\/de\/wp-json\/wp\/v2\/types\/page"}],"author":[{"embeddable":true,"href":"https:\/\/www.efs-holland.com\/de\/wp-json\/wp\/v2\/users\/1"}],"replies":[{"embeddable":true,"href":"https:\/\/www.efs-holland.com\/de\/wp-json\/wp\/v2\/comments?post=1364"}],"version-history":[{"count":14,"href":"https:\/\/www.efs-holland.com\/de\/wp-json\/wp\/v2\/pages\/1364\/revisions"}],"predecessor-version":[{"id":8273,"href":"https:\/\/www.efs-holland.com\/de\/wp-json\/wp\/v2\/pages\/1364\/revisions\/8273"}],"up":[{"embeddable":true,"href":"https:\/\/www.efs-holland.com\/de\/wp-json\/wp\/v2\/pages\/699"}],"wp:attachment":[{"href":"https:\/\/www.efs-holland.com\/de\/wp-json\/wp\/v2\/media?parent=1364"}],"curies":[{"name":"wp","href":"https:\/\/api.w.org\/{rel}","templated":true}]}}